{"id":92,"date":"2020-03-17T07:09:43","date_gmt":"2020-03-17T07:09:43","guid":{"rendered":"https:\/\/softcommunications.ca\/?page_id=92"},"modified":"2024-07-08T19:45:34","modified_gmt":"2024-07-08T19:45:34","slug":"home","status":"publish","type":"page","link":"https:\/\/softcommunications.ca\/fr\/","title":{"rendered":"Home"},"content":{"rendered":"<div class=\"wp-block-image\">\n<figure class=\"aligncenter size-full\"><img loading=\"lazy\" decoding=\"async\" width=\"3005\" height=\"584\" src=\"https:\/\/softcommunications.ca\/wp-content\/uploads\/2023\/02\/SOFTCOM_-LOGO.png\" alt=\"\" class=\"wp-image-149\" srcset=\"https:\/\/softcommunications.ca\/wp-content\/uploads\/2023\/02\/SOFTCOM_-LOGO.png 3005w, https:\/\/softcommunications.ca\/wp-content\/uploads\/2023\/02\/SOFTCOM_-LOGO-300x58.png 300w, https:\/\/softcommunications.ca\/wp-content\/uploads\/2023\/02\/SOFTCOM_-LOGO-1024x199.png 1024w, https:\/\/softcommunications.ca\/wp-content\/uploads\/2023\/02\/SOFTCOM_-LOGO-768x149.png 768w, https:\/\/softcommunications.ca\/wp-content\/uploads\/2023\/02\/SOFTCOM_-LOGO-1536x299.png 1536w, https:\/\/softcommunications.ca\/wp-content\/uploads\/2023\/02\/SOFTCOM_-LOGO-2048x398.png 2048w, https:\/\/softcommunications.ca\/wp-content\/uploads\/2023\/02\/SOFTCOM_-LOGO-18x3.png 18w\" sizes=\"auto, (max-width: 3005px) 100vw, 3005px\" \/><\/figure>\n<\/div>\n\n\n<div id=\"wp-block-themeisle-blocks-advanced-columns-19df2118\" class=\"wp-block-themeisle-blocks-advanced-columns has-2-columns has-desktop-equal-layout has-tablet-equal-layout has-mobile-collapsedRows-layout has-vertical-unset\"><div class=\"wp-block-themeisle-blocks-advanced-columns-overlay\"><\/div><div class=\"innerblocks-wrap\">\n<div id=\"wp-block-themeisle-blocks-advanced-column-56d6cbf7\" class=\"wp-block-themeisle-blocks-advanced-column\">\n<h2 class=\"wp-block-heading has-text-color\" style=\"color:#ff7d00\">Football  \/  Soccer  \/  Futsal  <\/h2>\n<\/div>\n\n\n\n<div id=\"wp-block-themeisle-blocks-advanced-column-e4e409fa\" class=\"wp-block-themeisle-blocks-advanced-column has-dark-bg\">\n<h2 id=\"wp-block-themeisle-blocks-advanced-heading-812122fe\" class=\"wp-block-themeisle-blocks-advanced-heading wp-block-themeisle-blocks-advanced-heading-812122fe\">Plateforme Virtuel <\/h2>\n\n\n\n<p class=\"has-white-color has-text-color\">D\u00e9veloppement et h\u00e9bergement pour votre site web. Application de d\u00e9veloppement et de formation virtuel pour le d\u00e9veloppement de joueurs individuellement, pour un groupe de joueurs, pour votre \u00e9quipe ou votre club.  Applications vous permettant d&rsquo;organiser vos championnats, vos tournois avec une multitude de statistiques pour les \u00e9quipes et joueurs inscrits.  Diffusion des r\u00e9sultats et de vid\u00e9o de match en temps r\u00e9el.  <br><\/p>\n\n\n\n<div style=\"height:20px\" aria-hidden=\"true\" class=\"wp-block-spacer\"><\/div>\n\n\n\n<div id=\"wp-block-themeisle-blocks-button-group-64e7bb05\" class=\"wp-block-themeisle-blocks-button-group wp-block-buttons\">\n<div id=\"wp-block-themeisle-blocks-button-d4369420\" class=\"wp-block-themeisle-blocks-button wp-block-button is-style-primary\"><a target=\"_self\" rel=\"noopener noreferrer\" class=\"wp-block-button__link\"><span> D\u00c9MO<\/span><\/a><\/div>\n<\/div>\n<\/div>\n<\/div><\/div>\n\n\n\n<div id=\"wp-block-themeisle-blocks-advanced-columns-fe6b83d2\" class=\"wp-block-themeisle-blocks-advanced-columns has-2-columns has-desktop-equal-layout has-tablet-equal-layout has-mobile-collapsedRows-layout has-vertical-unset has-light-bg\"><div class=\"wp-block-themeisle-blocks-advanced-columns-overlay\"><\/div><div class=\"innerblocks-wrap\">\n<div id=\"wp-block-themeisle-blocks-advanced-column-0616c2ee\" class=\"wp-block-themeisle-blocks-advanced-column\">\n<h4 id=\"wp-block-themeisle-blocks-advanced-heading-caf76ac9\" class=\"wp-block-themeisle-blocks-advanced-heading wp-block-themeisle-blocks-advanced-heading-caf76ac9\"> Application de Championnats et Tournois<\/h4>\n\n\n\n<h2 id=\"wp-block-themeisle-blocks-advanced-heading-a4e45ef3\" class=\"wp-block-themeisle-blocks-advanced-heading wp-block-themeisle-blocks-advanced-heading-a4e45ef3\">Soccer 11<\/h2>\n\n\n\n<p>Classement et calendrier des matchs, alignement des joueurs, statistiques des temps, des buts, des assistances, des cartons, avec les r\u00e9sultats en temps r\u00e9el. Statistiques des minutes de jeux avec le temps d&rsquo;entr\u00e9es et de sortie des joueurs. Statistiques des coups de pied de coin, des pourcentages de conservations des \u00e9quipes. Fiches techniques compl\u00e8tes de chacun des joueurs avec leurs \u00e9quipes respectives et classement parmi les joueurs de la ligue selon divers statistiques tel que points, buts, buts sur penalty, penalty manqu\u00e9s, assistances, minutes jou\u00e9es, carton rouges, carton jaunes, suspensions. Logistiques de pr\u00e9dictions des r\u00e9sultats ds matchs selon rencontre ant\u00e9rieurs et adversaires. <br><\/p>\n<\/div>\n\n\n\n<div id=\"wp-block-themeisle-blocks-advanced-column-3538a089\" class=\"wp-block-themeisle-blocks-advanced-column\">\n<figure class=\"wp-block-image size-large\"><img loading=\"lazy\" decoding=\"async\" width=\"1024\" height=\"709\" src=\"https:\/\/softcommunications.ca\/wp-content\/uploads\/2023\/02\/Applications-soccer-1024x709.png\" alt=\"\" class=\"wp-image-161\" srcset=\"https:\/\/softcommunications.ca\/wp-content\/uploads\/2023\/02\/Applications-soccer-1024x709.png 1024w, https:\/\/softcommunications.ca\/wp-content\/uploads\/2023\/02\/Applications-soccer-300x208.png 300w, https:\/\/softcommunications.ca\/wp-content\/uploads\/2023\/02\/Applications-soccer-768x532.png 768w, https:\/\/softcommunications.ca\/wp-content\/uploads\/2023\/02\/Applications-soccer-1536x1064.png 1536w, https:\/\/softcommunications.ca\/wp-content\/uploads\/2023\/02\/Applications-soccer-2048x1419.png 2048w, https:\/\/softcommunications.ca\/wp-content\/uploads\/2023\/02\/Applications-soccer-18x12.png 18w\" sizes=\"auto, (max-width: 1024px) 100vw, 1024px\" \/><\/figure>\n<\/div>\n<\/div><\/div>\n\n\n\n<div id=\"wp-block-themeisle-blocks-advanced-columns-e9a5e118\" class=\"wp-block-themeisle-blocks-advanced-columns has-1-columns has-desktop-equal-layout has-tablet-equal-layout has-mobile-equal-layout has-vertical-unset has-dark-bg\"><div class=\"wp-block-themeisle-blocks-advanced-columns-overlay\"><\/div><div class=\"innerblocks-wrap\">\n<div id=\"wp-block-themeisle-blocks-advanced-column-78e7293b\" class=\"wp-block-themeisle-blocks-advanced-column\">\n<h4 id=\"wp-block-themeisle-blocks-advanced-heading-4e11d47f\" class=\"wp-block-themeisle-blocks-advanced-heading wp-block-themeisle-blocks-advanced-heading-4e11d47f\"> <strong>dIVERS FORMES D&rsquo;ACC\u00e8S<\/strong><\/h4>\n\n\n\n<h2 id=\"wp-block-themeisle-blocks-advanced-heading-bf52e4cb\" class=\"wp-block-themeisle-blocks-advanced-heading wp-block-themeisle-blocks-advanced-heading-bf52e4cb\"> OPTIONS <\/h2>\n<\/div>\n<\/div><\/div>\n\n\n\n<div id=\"wp-block-themeisle-blocks-advanced-columns-8dc1928f\" class=\"wp-block-themeisle-blocks-advanced-columns has-3-columns has-desktop-equal-layout has-tablet-equal-layout has-mobile-collapsedRows-layout has-vertical-unset has-dark-bg\"><div class=\"wp-block-themeisle-blocks-advanced-columns-overlay\"><\/div><div class=\"innerblocks-wrap\">\n<div id=\"wp-block-themeisle-blocks-advanced-column-e1a72c77\" class=\"wp-block-themeisle-blocks-advanced-column\">\n<div id=\"wp-block-themeisle-blocks-font-awesome-icons-83ee9fb7\" class=\"wp-block-themeisle-blocks-font-awesome-icons\"><span class=\"wp-block-themeisle-blocks-font-awesome-icons-container\"><i class=\"fab fa-internet-explorer\"><\/i><\/span><\/div>\n\n\n\n<h2 id=\"wp-block-themeisle-blocks-advanced-heading-ebb84f5c\" class=\"wp-block-themeisle-blocks-advanced-heading wp-block-themeisle-blocks-advanced-heading-ebb84f5c\"> aCC\u00e8S wEB<\/h2>\n\n\n\n<p class=\"has-text-align-center has-white-color has-text-color\">Ordinateurs, Tablettes, Mobiles<\/p>\n<\/div>\n\n\n\n<div id=\"wp-block-themeisle-blocks-advanced-column-7585963a\" class=\"wp-block-themeisle-blocks-advanced-column\">\n<div id=\"wp-block-themeisle-blocks-font-awesome-icons-37d7b6e6\" class=\"wp-block-themeisle-blocks-font-awesome-icons\"><span class=\"wp-block-themeisle-blocks-font-awesome-icons-container\"><svg xmlns=\"http:\/\/www.w3.org\/2000\/svg\" viewBox=\"0 0 1800 1800\"><path d=\"M1583.266,1262.444c-155.105,155.105-361.327,240.526-580.678,240.526 c-219.35,0-425.572-85.421-580.677-240.526c-155.107-155.104-240.528-361.33-240.533-580.682 c0-219.354,85.42-425.578,240.528-580.685c12.336-12.333,12.336-32.328,0.004-44.663c-12.333-12.33-32.328-12.334-44.661,0 c-167.044,167.036-259.035,389.124-259.035,625.35c0.004,236.219,91.995,458.312,259.03,625.348 c164.65,164.647,378.605,250.606,594.774,258.019v168.973H656.207c-17.443,0-31.581,14.134-31.581,31.582 c0,17.439,14.138,31.582,31.581,31.582h694.789c17.446,0,31.582-14.143,31.582-31.582c0-17.448-14.136-31.582-31.582-31.582 h-315.814V1565.06c215.475-7.878,428.613-93.819,592.751-257.947c12.327-12.337,12.327-32.331,0-44.668 C1615.596,1250.118,1595.601,1250.118,1583.266,1262.444z\"><\/path><path d=\"M389.367,972.961c77.779,163.801,214.692,287.502,385.518,348.33  c73.614,26.205,150.222,39.503,227.686,39.503c0.018,0,0,0,0.018,0c286.303,0,543.235-181.269,639.417-451.066  c0.044-0.106,0.079-0.211,0.114-0.317c60.801-170.812,51.453-355.075-26.32-518.855c-77.783-163.798-214.698-287.5-385.524-348.318  c-73.613-26.214-150.214-39.504-227.669-39.504c-286.417,0-543.43,181.375-639.542,451.326  C302.245,624.884,311.585,809.167,389.367,972.961z M446.42,945.868c-14.949-31.48-27.083-63.803-36.441-96.662  c0.838-0.817,1.635-1.688,2.393-2.615c43.204-53.021,175.521-186.786,267.388-169.374c40.816,7.734,75.588,0.683,103.345-20.987  c59.436-46.395,65.115-144.487,68.508-203.097c0.304-5.273,0.585-10.158,0.89-14.563c1.921-27.88-5.944-61.956-13.553-94.909  c-5.899-25.545-18.174-78.703-10.19-88.554c0,0,0.326-0.213,1.207-0.476c31.467-9.322,74.722-45.061,128.569-106.224  c34.64-39.342,53.788-64.954,64.274-82.143c42.879,1.416,85.402,7.333,127.145,17.683  c-48.473,39.591-108.728,101.778-99.846,161.004c5.912,39.446,38.252,67.783,96.119,84.221  c193.551,54.985,221.572,85.758,248.914,183.415c21.281,75.993,90.735,136.785,153.167,136.776c3.895,0,7.772-0.235,11.605-0.72  c13.498-1.711,35.934-7.961,55.487-29.354c7.947,77.48,0.951,156.189-21.123,232.574c-28.98-13.875-71.842-27.887-117.522-20.267  c-65.101,10.863-98.348-100.23-114.825-195.311c-18.506-106.747-79.05-109.385-104.218-105.567  c-63.232,9.585-128.625,93.667-120.642,155.116c7.473,57.486-37.309,155.165-77.844,191.843c-5.7,5.159-31.643-5.928-48.816-13.266  c-40.667-17.375-108.723-46.45-157.769,17.456c-48.292,62.918-179.892,224.911-229.164,285.42  C548.817,1109.103,488.206,1033.868,446.42,945.868z M1002.57,1297.631c-70.23,0-139.705-12.063-206.502-35.846  c-42.724-15.211-83.096-34.781-120.66-58.238c51.531-63.312,179.518-220.92,227.339-283.219  c16.684-21.741,33.549-18.894,82.852,2.167c35.775,15.28,80.301,34.305,116.007,2.019  c54.984-49.751,108.622-165.878,98.102-246.822c-3.261-25.092,36.524-79.834,67.479-84.524  c20.444-3.06,29.521,36.665,32.508,53.903c15.183,87.606,37.001,150.184,66.705,191.308  c40.305,55.805,87.915,60.994,120.739,55.521c33.184-5.524,66.211,7.53,86.408,18.168  C1480.105,1143.715,1253.828,1297.64,1002.57,1297.631z M1558.742,417.648c12.513,26.35,23.034,53.29,31.635,80.635  c-1.869,52.173-16.073,84.869-38.403,87.697c-30.663,3.879-81.065-37.067-96.003-90.422  c-36.04-128.711-87.977-169.047-292.481-227.144c-30.522-8.673-49.081-20.633-50.913-32.815  c-4.67-31.031,58.112-91.087,111.345-128.366C1371.941,164.149,1490.461,273.863,1558.742,417.648z M422.567,475.245  C502.993,249.357,707.646,91.966,942.826,68.929c-38.164,47.875-100.911,116.285-130.8,125.143  c-67.802,20.089-48.624,103.151-34.622,163.8c6.569,28.444,13.359,57.86,12.086,76.354c-0.318,4.613-0.617,9.732-0.935,15.257  c-2.595,44.788-7.419,128.156-44.314,156.956c-12.984,10.14-30.233,12.986-52.708,8.721  c-63.978-12.114-139.323,17.366-224.004,87.655c-30.065,24.959-55.778,50.538-74.142,70.084  C378.453,673.931,388.05,572.199,422.567,475.245z\"><\/path><path d=\"M1035.578,629.173L1035.578,629.173c11.941,0,23.121-3.231,33.23-9.603 c37.053-23.346,52.023-62.746,65.241-97.506c9.993-26.279,19.422-51.1,36.604-67.192c16.565-15.509,22.1-35.773,14.821-54.208 c-8.874-22.458-33.776-35.337-68.31-35.337c-59.857,0-137.49,36.837-212.991,101.066c-11.635,9.902-14.518,26.715-6.838,39.926 C914.091,535.139,973.579,629.169,1035.578,629.173z M1109.791,428.827c-16.354,22.318-26.013,47.727-34.78,70.793 c-11.059,29.075-20.61,54.201-39.679,66.386c-13.183-0.397-43.514-31.319-69.031-68.74 C1038.116,441.573,1088.202,430.667,1109.791,428.827z\"><\/path><\/svg><\/span><\/div>\n\n\n\n<h2 id=\"wp-block-themeisle-blocks-advanced-heading-a9b030f9\" class=\"wp-block-themeisle-blocks-advanced-heading wp-block-themeisle-blocks-advanced-heading-a9b030f9\"> MULTIPLES LANGUES<\/h2>\n\n\n\n<p class=\"has-text-align-center has-white-color has-text-color\">Plus de 35 choix de langues diff\u00e9rentes<\/p>\n<\/div>\n\n\n\n<div id=\"wp-block-themeisle-blocks-advanced-column-a3a7ebb3\" class=\"wp-block-themeisle-blocks-advanced-column\">\n<div id=\"wp-block-themeisle-blocks-font-awesome-icons-939a3f9e\" class=\"wp-block-themeisle-blocks-font-awesome-icons\"><span class=\"wp-block-themeisle-blocks-font-awesome-icons-container\"><i class=\"fas fa-futbol\"><\/i><\/span><\/div>\n\n\n\n<h2 id=\"wp-block-themeisle-blocks-advanced-heading-bf1f0b30\" class=\"wp-block-themeisle-blocks-advanced-heading wp-block-themeisle-blocks-advanced-heading-bf1f0b30\"> Championnats<\/h2>\n\n\n\n<p class=\"has-text-align-center has-white-color has-text-color\">Championnats et Formations<br><\/p>\n<\/div>\n<\/div><\/div>\n\n\n\n<div id=\"wp-block-themeisle-blocks-advanced-columns-2f09ccbc\" class=\"wp-block-themeisle-blocks-advanced-columns has-2-columns has-desktop-equal-layout has-tablet-equal-layout has-mobile-collapsedRows-layout has-vertical-unset has-light-bg\"><div class=\"wp-block-themeisle-blocks-advanced-columns-overlay\"><\/div><div class=\"innerblocks-wrap\">\n<div id=\"wp-block-themeisle-blocks-advanced-column-437005d4\" class=\"wp-block-themeisle-blocks-advanced-column\">\n<h2 id=\"wp-block-themeisle-blocks-advanced-heading-783e06bb\" class=\"wp-block-themeisle-blocks-advanced-heading wp-block-themeisle-blocks-advanced-heading-783e06bb\">EXPERIENCE MEETS EXPERTICE<\/h2>\n\n\n\n<p>Fashion is a popular aesthetic expression in a certain time and context, especially in clothing, footwear, lifestyle, accessories, makeup, hairstyle and body proportions.<br><\/p>\n\n\n\n<div style=\"height:20px\" aria-hidden=\"true\" class=\"wp-block-spacer\"><\/div>\n\n\n\n<div id=\"wp-block-themeisle-blocks-button-group-2c142111\" class=\"wp-block-themeisle-blocks-button-group wp-block-buttons\">\n<div id=\"wp-block-themeisle-blocks-button-3bda2698\" class=\"wp-block-themeisle-blocks-button wp-block-button\"><a href=\"https:\/\/softcommunications.ca\/portfolio\/\" target=\"_self\" rel=\"noopener noreferrer\" class=\"wp-block-button__link\"><span> View Portfolio <\/span><\/a><\/div>\n<\/div>\n<\/div>\n\n\n\n<div id=\"wp-block-themeisle-blocks-advanced-column-72990bb4\" class=\"wp-block-themeisle-blocks-advanced-column\">\n<figure class=\"wp-block-image size-large is-resized\"><img loading=\"lazy\" decoding=\"async\" width=\"1024\" height=\"576\" src=\"https:\/\/softcommunications.ca\/wp-content\/uploads\/2023\/02\/serveur-reseau-soft-communications-1024x576.png\" alt=\"\" class=\"wp-image-207\" style=\"width:627px;height:352px\" srcset=\"https:\/\/softcommunications.ca\/wp-content\/uploads\/2023\/02\/serveur-reseau-soft-communications-1024x576.png 1024w, https:\/\/softcommunications.ca\/wp-content\/uploads\/2023\/02\/serveur-reseau-soft-communications-300x169.png 300w, https:\/\/softcommunications.ca\/wp-content\/uploads\/2023\/02\/serveur-reseau-soft-communications-768x432.png 768w, https:\/\/softcommunications.ca\/wp-content\/uploads\/2023\/02\/serveur-reseau-soft-communications-18x10.png 18w, https:\/\/softcommunications.ca\/wp-content\/uploads\/2023\/02\/serveur-reseau-soft-communications.png 1080w\" sizes=\"auto, (max-width: 1024px) 100vw, 1024px\" \/><\/figure>\n<\/div>\n<\/div><\/div>\n\n\n\n<div id=\"wp-block-themeisle-blocks-advanced-columns-7788132a\" class=\"wp-block-themeisle-blocks-advanced-columns has-3-columns has-desktop-equal-layout has-tablet-equal-layout has-mobile-collapsedRows-layout has-vertical-unset\"><div class=\"wp-block-themeisle-blocks-advanced-columns-overlay\"><\/div><div class=\"innerblocks-wrap\">\n<div id=\"wp-block-themeisle-blocks-advanced-column-e8772b0c\" class=\"wp-block-themeisle-blocks-advanced-column\">\n<figure class=\"wp-block-image size-large\"><img loading=\"lazy\" decoding=\"async\" width=\"360\" height=\"400\" src=\"https:\/\/softcommunications.ca\/wp-content\/uploads\/2019\/09\/neve-freelancer-14.jpg\" alt=\"\" class=\"wp-image-61\" srcset=\"https:\/\/softcommunications.ca\/wp-content\/uploads\/2019\/09\/neve-freelancer-14.jpg 360w, https:\/\/softcommunications.ca\/wp-content\/uploads\/2019\/09\/neve-freelancer-14-270x300.jpg 270w, https:\/\/softcommunications.ca\/wp-content\/uploads\/2019\/09\/neve-freelancer-14-11x12.jpg 11w\" sizes=\"auto, (max-width: 360px) 100vw, 360px\" \/><\/figure>\n<\/div>\n\n\n\n<div id=\"wp-block-themeisle-blocks-advanced-column-f2effe84\" class=\"wp-block-themeisle-blocks-advanced-column\">\n<figure class=\"wp-block-image size-large\"><img loading=\"lazy\" decoding=\"async\" width=\"360\" height=\"400\" src=\"https:\/\/softcommunications.ca\/wp-content\/uploads\/2019\/09\/neve-freelancer-01.jpg\" alt=\"\" class=\"wp-image-48\" srcset=\"https:\/\/softcommunications.ca\/wp-content\/uploads\/2019\/09\/neve-freelancer-01.jpg 360w, https:\/\/softcommunications.ca\/wp-content\/uploads\/2019\/09\/neve-freelancer-01-270x300.jpg 270w, https:\/\/softcommunications.ca\/wp-content\/uploads\/2019\/09\/neve-freelancer-01-11x12.jpg 11w\" sizes=\"auto, (max-width: 360px) 100vw, 360px\" \/><\/figure>\n<\/div>\n\n\n\n<div id=\"wp-block-themeisle-blocks-advanced-column-e0e015d3\" class=\"wp-block-themeisle-blocks-advanced-column\">\n<figure class=\"wp-block-image size-large\"><img loading=\"lazy\" decoding=\"async\" width=\"360\" height=\"400\" src=\"https:\/\/softcommunications.ca\/wp-content\/uploads\/2019\/09\/neve-freelancer-03.jpg\" alt=\"\" class=\"wp-image-50\" srcset=\"https:\/\/softcommunications.ca\/wp-content\/uploads\/2019\/09\/neve-freelancer-03.jpg 360w, https:\/\/softcommunications.ca\/wp-content\/uploads\/2019\/09\/neve-freelancer-03-270x300.jpg 270w, https:\/\/softcommunications.ca\/wp-content\/uploads\/2019\/09\/neve-freelancer-03-11x12.jpg 11w\" sizes=\"auto, (max-width: 360px) 100vw, 360px\" \/><\/figure>\n<\/div>\n<\/div><\/div>\n\n\n\n<div id=\"wp-block-themeisle-blocks-advanced-columns-7e0eaaa1\" class=\"wp-block-themeisle-blocks-advanced-columns has-1-columns has-desktop-equal-layout has-tablet-equal-layout has-mobile-equal-layout has-vertical-unset\"><div class=\"wp-block-themeisle-blocks-advanced-columns-overlay\"><\/div><div class=\"innerblocks-wrap\">\n<div id=\"wp-block-themeisle-blocks-advanced-column-5d3aeeb3\" class=\"wp-block-themeisle-blocks-advanced-column\">\n<h4 id=\"wp-block-themeisle-blocks-advanced-heading-8608f2ed\" class=\"wp-block-themeisle-blocks-advanced-heading wp-block-themeisle-blocks-advanced-heading-8608f2ed\"> <strong>NEED HELP WITH YOUR PROJECT?<\/strong><\/h4>\n\n\n\n<h2 id=\"wp-block-themeisle-blocks-advanced-heading-321c6eb4\" class=\"wp-block-themeisle-blocks-advanced-heading wp-block-themeisle-blocks-advanced-heading-321c6eb4\"> LET&rsquo;S WORK TOGETHER<\/h2>\n\n\n\n<div id=\"wp-block-themeisle-blocks-button-group-5977536b\" class=\"wp-block-themeisle-blocks-button-group wp-block-buttons align-center\">\n<div id=\"wp-block-themeisle-blocks-button-95a196fa\" class=\"wp-block-themeisle-blocks-button wp-block-button\"><a href=\"https:\/\/softcommunications.ca\/contact\/\" target=\"_self\" rel=\"noopener noreferrer\" class=\"wp-block-button__link\"><span> Get in touch! <\/span><\/a><\/div>\n<\/div>\n<\/div>\n<\/div><\/div>\n\n\n\n<figure class=\"wp-block-video\"><\/figure>\n\n\n\n<figure class=\"wp-block-video\"><\/figure>\n","protected":false},"excerpt":{"rendered":"","protected":false},"author":1,"featured_media":0,"parent":0,"menu_order":0,"comment_status":"closed","ping_status":"closed","template":"page-templates\/template-pagebuilder-full-width.php","meta":{"_monsterinsights_skip_tracking":false,"_monsterinsights_sitenote_active":false,"_monsterinsights_sitenote_note":"","_monsterinsights_sitenote_category":0,"neve_meta_sidebar":"full-width","neve_meta_container":"","neve_meta_enable_content_width":"on","neve_meta_content_width":100,"neve_meta_title_alignment":"","neve_meta_author_avatar":"","neve_post_elements_order":"","neve_meta_disable_header":"","neve_meta_disable_footer":"","neve_meta_disable_title":"","_themeisle_gutenberg_block_has_review":false,"footnotes":""},"class_list":["post-92","page","type-page","status-publish","hentry"],"featured_image_url":[],"post_author":"apuzo@esentia.ca","assigned_categories":"","aioseo_notices":[],"_links":{"self":[{"href":"https:\/\/softcommunications.ca\/fr\/wp-json\/wp\/v2\/pages\/92","targetHints":{"allow":["GET"]}}],"collection":[{"href":"https:\/\/softcommunications.ca\/fr\/wp-json\/wp\/v2\/pages"}],"about":[{"href":"https:\/\/softcommunications.ca\/fr\/wp-json\/wp\/v2\/types\/page"}],"author":[{"embeddable":true,"href":"https:\/\/softcommunications.ca\/fr\/wp-json\/wp\/v2\/users\/1"}],"replies":[{"embeddable":true,"href":"https:\/\/softcommunications.ca\/fr\/wp-json\/wp\/v2\/comments?post=92"}],"version-history":[{"count":20,"href":"https:\/\/softcommunications.ca\/fr\/wp-json\/wp\/v2\/pages\/92\/revisions"}],"predecessor-version":[{"id":218,"href":"https:\/\/softcommunications.ca\/fr\/wp-json\/wp\/v2\/pages\/92\/revisions\/218"}],"wp:attachment":[{"href":"https:\/\/softcommunications.ca\/fr\/wp-json\/wp\/v2\/media?parent=92"}],"curies":[{"name":"wp","href":"https:\/\/api.w.org\/{rel}","templated":true}]}}